{"id":2655,"date":"2020-06-17T15:13:40","date_gmt":"2020-06-17T07:13:40","guid":{"rendered":"https:\/\/gorudojewellery.com.sg\/?post_type=product&#038;p=2655"},"modified":"2020-06-17T15:18:58","modified_gmt":"2020-06-17T07:18:58","slug":"gorudo-jewellery-guan-gong-999-pure-gold-pendant","status":"publish","type":"product","link":"https:\/\/gorudojewellery.com.sg\/zh-hans\/product\/gorudo-jewellery-guan-gong-999-pure-gold-pendant\/","title":{"rendered":"Gorudo Jewellery Gu\u0101n G\u014dng 999 Pure Gold Pendant"},"content":{"rendered":"<p>PureGold 999 Gu\u0101n G\u014dng Pendant<span class=\"_5mfr\"><span class=\"_6qdm\">\ud83d\ude4f<\/span><\/span><span class=\"_5mfr\"><span class=\"_6qdm\">\ud83d\ude4f<\/span><\/span><span class=\"_5mfr\"><span class=\"_6qdm\">\ud83d\ude4f<\/span><\/span><br \/>\n\u8db3\u91d1 999 \u95dc\u516c \u540a\u5760<span class=\"_5mfr\"><span class=\"_6qdm\">\ud83d\ude4f<\/span><\/span><\/p>\n<p><span class=\"_5mfr\"><span class=\"_6qdm\">\ud83d\udc4d<\/span><\/span>Pm Us Directly for Prices!<br \/>\n<span class=\"_5mfr\"><span class=\"_6qdm\">\ud83d\udc9a<\/span><\/span>Whatsapp :\u00a0<a href=\"https:\/\/l.facebook.com\/l.php?u=https%3A%2F%2Fwa.me%2F6585189908%3Ffbclid%3DIwAR3lWk4W_uDbi3XAo_06x6XpiHsilNcSTRumJG99eUi5XriaHs3q0oKj6vk&amp;h=AT09sx4dKJc6BMOYSvLHgoH6gt2mzwFm_CwVKs57T4Dm3xfv-GeBxmEBtoOh3bJpy9AJnDwMR3fd5ByTWwCBvfgWK38jh4MMwOhK0zIyBRY-HRcFRT8otbwKwVv0GS2nFVZg0nLPgccpr6NA_3IuViLbdAwtIhNOCh6GRfr-kK2BzbQHNa_Khtf8O740C5W_Jcrvotn5hIem4-DPZSWL7x4yfybaR1r6uQmb406gpRrJ2Qy1uYWwHdgl7K2WGIYWJIvztJxh9orV9m2euqZMOLgL412uuX0hfoM8EvyfSYyOOAohPvsW9jt44r7Rvrx7AEv6Y5k64Lp3vty42GBvWpCOMnEwVt9gi-HDz8v3JOzYOS12V6yLjdTya9beKrRnATd_ZHrZ_n133Bxwf3jC-JyHzM0GMqsjTI6TYwTZ_oVo3YK0lWzObwmRjccwJfbu7kHLXCaAKtoKSpW46w3p-Brtq02qhTeYBjO4ihhWCgkrS0EDAVgLrByNfjfbuvGc2jfudHU6qOtVRLi3_fXgjithdrQKgWoD9peqeIpf0uJBX0zQVukaN3pA9VbllDa0afU4dJs3UK1S0K2nA3kD2Ku7soC6TOntRYSFSu9_4Cq4K6xY8U5tVjh9b5wrJvNGUgMFXw\" target=\"_blank\" rel=\"noopener nofollow noreferrer\" data-ft=\"{&quot;tn&quot;:&quot;-U&quot;}\" data-lynx-mode=\"async\">https:\/\/wa.me\/6585189908<\/a><\/p>\n<p>Metal Type: 999 Pure Gold<span class=\"text_exposed_show\"><br \/>\nMetal Weight: Approx. 14.00g +\/-<br \/>\nDimension: 38 x 67.3 x 16.5 mm<\/span><\/p>\n<div class=\"text_exposed_show\">\n<p>Package Content<br \/>\n1 x Gorudo Jewellery Gu\u0101n G\u014dng 999 Pure Gold Pendant<br \/>\n1 x Gift Box<\/p>\n<p>\u5173\u516c\u50cf\uff0c\u662f\u5173\u7fbd\u5168\u8eab\u5851\u50cf\u7684\u7b80\u79f0\u3002\u6587\u62dc\u5b54\u5b50\u3001\u6b66\u62dc\u5173\u516c\u3002\u5728\u6e2f\u6fb3\u53f0\u5730\u533a\u4ee5\u53ca\u4e1c\u5357\u4e9a\u4e00\u4e9b\u56fd\u5bb6\u51e0\u4e4e\u6bcf\u5bb6\u90fd\u4f1a\u4f9b\u5949\u5173\u516c\u50cf\u3002\u8fd1\u4ee3\u4ee5\u6765\uff0c\u8d8a\u6765\u8d8a\u591a\u7684\u4eba\u628a\u5173\u516c\u4f5c\u4e3a\u5168\u80fd\u4fdd\u62a4\u795e\u3001\u884c\u4e1a\u795e\u548c\u8d22\u795e\u3002\u5173\u516c\u88ab\u4eba\u89c6\u4e3a\u6b66\u795e\u3001\u8d22\u795e\u53ca\u4fdd\u62a4\u5546\u8d3e\u4e4b\u795e\u3002\u4ea6\u79f0\u201c\u5173\u5723\u5e1d\u541b\u201d\u201c\u5173\u5e1d\u201d\u3002<\/p>\n<p><img loading=\"lazy\" decoding=\"async\" class=\"alignnone size-large wp-image-2656\" src=\"https:\/\/gorudojewellery.com.sg\/wp-content\/uploads\/2020\/06\/164V1-1024x599.jpg\" alt=\"\" width=\"1020\" height=\"597\" srcset=\"https:\/\/gorudojewellery.com.sg\/wp-content\/uploads\/2020\/06\/164V1-1024x599.jpg 1024w, https:\/\/gorudojewellery.com.sg\/wp-content\/uploads\/2020\/06\/164V1-300x176.jpg 300w, https:\/\/gorudojewellery.com.sg\/wp-content\/uploads\/2020\/06\/164V1-768x450.jpg 768w, https:\/\/gorudojewellery.com.sg\/wp-content\/uploads\/2020\/06\/164V1-1536x899.jpg 1536w, https:\/\/gorudojewellery.com.sg\/wp-content\/uploads\/2020\/06\/164V1-2048x1199.jpg 2048w, https:\/\/gorudojewellery.com.sg\/wp-content\/uploads\/2020\/06\/164V1-510x299.jpg 510w\" sizes=\"auto, (max-width: 1020px) 100vw, 1020px\" \/><\/p>\n<\/div>\n","protected":false},"excerpt":{"rendered":"<p>PureGold 999 Gu\u0101n G\u014dng Pendant<span class=\"_5mfr\"><span class=\"_6qdm\">\ud83d\ude4f<\/span><\/span><span class=\"_5mfr\"><span class=\"_6qdm\">\ud83d\ude4f<\/span><\/span><span class=\"_5mfr\"><span class=\"_6qdm\">\ud83d\ude4f<\/span><\/span><br \/>\n\u8db3\u91d1 999 \u95dc\u516c \u540a\u5760<span class=\"_5mfr\"><span class=\"_6qdm\">\ud83d\ude4f<\/span><\/span><\/p>\n<p><span class=\"_5mfr\"><span class=\"_6qdm\">\ud83d\udc4d<\/span><\/span>Pm Us Directly for Prices!<br \/>\n<span class=\"_5mfr\"><span class=\"_6qdm\">\ud83d\udc9a<\/span><\/span>Whatsapp :\u00a0<a href=\"https:\/\/l.facebook.com\/l.php?u=https%3A%2F%2Fwa.me%2F6585189908%3Ffbclid%3DIwAR3lWk4W_uDbi3XAo_06x6XpiHsilNcSTRumJG99eUi5XriaHs3q0oKj6vk&amp;h=AT09sx4dKJc6BMOYSvLHgoH6gt2mzwFm_CwVKs57T4Dm3xfv-GeBxmEBtoOh3bJpy9AJnDwMR3fd5ByTWwCBvfgWK38jh4MMwOhK0zIyBRY-HRcFRT8otbwKwVv0GS2nFVZg0nLPgccpr6NA_3IuViLbdAwtIhNOCh6GRfr-kK2BzbQHNa_Khtf8O740C5W_Jcrvotn5hIem4-DPZSWL7x4yfybaR1r6uQmb406gpRrJ2Qy1uYWwHdgl7K2WGIYWJIvztJxh9orV9m2euqZMOLgL412uuX0hfoM8EvyfSYyOOAohPvsW9jt44r7Rvrx7AEv6Y5k64Lp3vty42GBvWpCOMnEwVt9gi-HDz8v3JOzYOS12V6yLjdTya9beKrRnATd_ZHrZ_n133Bxwf3jC-JyHzM0GMqsjTI6TYwTZ_oVo3YK0lWzObwmRjccwJfbu7kHLXCaAKtoKSpW46w3p-Brtq02qhTeYBjO4ihhWCgkrS0EDAVgLrByNfjfbuvGc2jfudHU6qOtVRLi3_fXgjithdrQKgWoD9peqeIpf0uJBX0zQVukaN3pA9VbllDa0afU4dJs3UK1S0K2nA3kD2Ku7soC6TOntRYSFSu9_4Cq4K6xY8U5tVjh9b5wrJvNGUgMFXw\" target=\"_blank\" rel=\"noopener nofollow noreferrer\" data-ft=\"{&quot;tn&quot;:&quot;-U&quot;}\" data-lynx-mode=\"async\">https:\/\/wa.me\/6585189908<\/a><\/p>\n<p>Metal Type: 999 Pure Gold<span class=\"text_exposed_show\"><br \/>\nMetal Weight: Approx. 14.00g +\/-<br \/>\nDimension: 38 x 67.3 x 16.5 mm<\/span><\/p>\n<div class=\"text_exposed_show\">\n<p>Package Content<br \/>\n1 x Gorudo Jewellery Gu\u0101n G\u014dng 999 Pure Gold Pendant<br \/>\n1 x Gift Box<\/p>\n<\/div>\n","protected":false},"featured_media":2656,"comment_status":"open","ping_status":"closed","template":"","meta":{"om_disable_all_campaigns":false,"_joinchat":[]},"product_brand":[],"product_cat":[43],"product_tag":[],"class_list":{"0":"post-2655","1":"product","2":"type-product","3":"status-publish","4":"has-post-thumbnail","6":"product_cat-999-pure-gold-pendants","8":"first","9":"outofstock","10":"shipping-taxable","11":"product-type-simple"},"acf":[],"_links":{"self":[{"href":"https:\/\/gorudojewellery.com.sg\/zh-hans\/wp-json\/wp\/v2\/product\/2655","targetHints":{"allow":["GET"]}}],"collection":[{"href":"https:\/\/gorudojewellery.com.sg\/zh-hans\/wp-json\/wp\/v2\/product"}],"about":[{"href":"https:\/\/gorudojewellery.com.sg\/zh-hans\/wp-json\/wp\/v2\/types\/product"}],"replies":[{"embeddable":true,"href":"https:\/\/gorudojewellery.com.sg\/zh-hans\/wp-json\/wp\/v2\/comments?post=2655"}],"wp:featuredmedia":[{"embeddable":true,"href":"https:\/\/gorudojewellery.com.sg\/zh-hans\/wp-json\/wp\/v2\/media\/2656"}],"wp:attachment":[{"href":"https:\/\/gorudojewellery.com.sg\/zh-hans\/wp-json\/wp\/v2\/media?parent=2655"}],"wp:term":[{"taxonomy":"product_brand","embeddable":true,"href":"https:\/\/gorudojewellery.com.sg\/zh-hans\/wp-json\/wp\/v2\/product_brand?post=2655"},{"taxonomy":"product_cat","embeddable":true,"href":"https:\/\/gorudojewellery.com.sg\/zh-hans\/wp-json\/wp\/v2\/product_cat?post=2655"},{"taxonomy":"product_tag","embeddable":true,"href":"https:\/\/gorudojewellery.com.sg\/zh-hans\/wp-json\/wp\/v2\/product_tag?post=2655"}],"curies":[{"name":"wp","href":"https:\/\/api.w.org\/{rel}","templated":true}]}}