{"id":1818,"date":"2019-09-09T02:53:49","date_gmt":"2019-09-09T02:53:49","guid":{"rendered":"https:\/\/gorudojewellery.com.sg\/?post_type=product&#038;p=1818"},"modified":"2019-09-11T10:11:44","modified_gmt":"2019-09-11T10:11:44","slug":"999-pure-gold-jin-gu-bang-stick-charm","status":"publish","type":"product","link":"https:\/\/gorudojewellery.com.sg\/zh-hans\/product\/999-pure-gold-jin-gu-bang-stick-charm\/","title":{"rendered":"999 Pure Gold J\u012bn G\u016b B\u00e0ng Stick Charm"},"content":{"rendered":"<h2><span class=\"_5mfr\"><span class=\"_6qdm\">\ud83c\udf89<\/span><\/span>\u5b9a\u6d77\u795e\u9488\u201d\u5982\u610f\u91d1\u7b8d\u68d2<span class=\"_5mfr\"><span class=\"_6qdm\">\ud83c\udf89<\/span><\/span><\/h2>\n<h2><span class=\"_5mfr\"><span class=\"_6qdm\">\ud83d\udc9b<\/span><\/span>\u8db3\u91d1999\u00a0<span class=\"_5mfr\"><span class=\"_6qdm\">\ud83c\udf89<\/span><\/span>\u5b9a\u6d77\u795e\u9488\u201d\u5982\u610f\u91d1\u7b8d\u68d2<span class=\"_5mfr\"><span class=\"_6qdm\">\ud83c\udf89<\/span><\/span><br \/>\n\u8f6c\u8fd0\u73e0\u00a0<span class=\"_5mfr\"><span class=\"_6qdm\">\u2795<\/span><\/span>\u00a0\u725b\u76ae\u624b\u94fe<br \/>\n<span class=\"_5mfr\"><span class=\"_6qdm\">\ud83d\udc9b<\/span><\/span>PureGold 999 J\u012bn G\u016b B\u00e0ng Charm\u00a0<span class=\"_5mfr\"><span class=\"_6qdm\">\u2795<\/span><\/span>\u00a0Leather Bracelet<\/h2>\n<p>Length: Customized<br \/>\nLeather: 4mm<\/p>\n<p>Make enquiry right now for your own customized bracelet with these unique pieces.<br \/>\nVarious beads &amp; leather Bracelet is available.<\/p>\n<p><img loading=\"lazy\" decoding=\"async\" class=\"alignnone size-full wp-image-1819\" src=\"https:\/\/gorudojewellery.com.sg\/wp-content\/uploads\/2019\/09\/58749388_1170289506488765_1199272280564170752_o.jpg\" alt=\"\" width=\"2016\" height=\"1180\" srcset=\"https:\/\/gorudojewellery.com.sg\/wp-content\/uploads\/2019\/09\/58749388_1170289506488765_1199272280564170752_o.jpg 2016w, https:\/\/gorudojewellery.com.sg\/wp-content\/uploads\/2019\/09\/58749388_1170289506488765_1199272280564170752_o-300x176.jpg 300w, https:\/\/gorudojewellery.com.sg\/wp-content\/uploads\/2019\/09\/58749388_1170289506488765_1199272280564170752_o-768x450.jpg 768w, https:\/\/gorudojewellery.com.sg\/wp-content\/uploads\/2019\/09\/58749388_1170289506488765_1199272280564170752_o-1024x599.jpg 1024w, https:\/\/gorudojewellery.com.sg\/wp-content\/uploads\/2019\/09\/58749388_1170289506488765_1199272280564170752_o-510x299.jpg 510w\" sizes=\"auto, (max-width: 2016px) 100vw, 2016px\" \/><\/p>\n","protected":false},"excerpt":{"rendered":"<h2><span class=\"_5mfr\"><span class=\"_6qdm\">\ud83c\udf89<\/span><\/span>\u5b9a\u6d77\u795e\u9488\u201d\u5982\u610f\u91d1\u7b8d\u68d2<span class=\"_5mfr\"><span class=\"_6qdm\">\ud83c\udf89<\/span><\/span><\/h2>\n<h2><span class=\"_5mfr\"><span class=\"_6qdm\">\ud83d\udc9b<\/span><\/span>\u8db3\u91d1999\u00a0<span class=\"_5mfr\"><span class=\"_6qdm\">\ud83c\udf89<\/span><\/span>\u5b9a\u6d77\u795e\u9488\u201d\u5982\u610f\u91d1\u7b8d\u68d2<span class=\"_5mfr\"><span class=\"_6qdm\">\ud83c\udf89<\/span><\/span><br \/>\n\u8f6c\u8fd0\u73e0\u00a0<span class=\"_5mfr\"><span class=\"_6qdm\">\u2795<\/span><\/span>\u00a0\u725b\u76ae\u624b\u94fe<br \/>\n<span class=\"_5mfr\"><span class=\"_6qdm\">\ud83d\udc9b<\/span><\/span>PureGold 999 J\u012bn G\u016b B\u00e0ng Charm\u00a0<span class=\"_5mfr\"><span class=\"_6qdm\">\u2795<\/span><\/span>\u00a0Leather Bracelet<\/h2>\n<p>Length: Customized<br \/>\nLeather: 4mm<\/p>\n<p>Make enquiry right now for your own customized bracelet with these unique pieces.<br \/>\nVarious beads &amp; leather Bracelet is available.<\/p>\n","protected":false},"featured_media":1819,"comment_status":"open","ping_status":"closed","template":"","meta":{"om_disable_all_campaigns":false,"_joinchat":[]},"product_brand":[],"product_cat":[48,19],"product_tag":[],"class_list":{"0":"post-1818","1":"product","2":"type-product","3":"status-publish","4":"has-post-thumbnail","6":"product_cat-24k-999-pure-gold-bracelets-bangles-and-necklaces","7":"product_cat-999-pure-gold-stylist-charms","9":"first","10":"outofstock","11":"shipping-taxable","12":"product-type-simple"},"acf":[],"_links":{"self":[{"href":"https:\/\/gorudojewellery.com.sg\/zh-hans\/wp-json\/wp\/v2\/product\/1818","targetHints":{"allow":["GET"]}}],"collection":[{"href":"https:\/\/gorudojewellery.com.sg\/zh-hans\/wp-json\/wp\/v2\/product"}],"about":[{"href":"https:\/\/gorudojewellery.com.sg\/zh-hans\/wp-json\/wp\/v2\/types\/product"}],"replies":[{"embeddable":true,"href":"https:\/\/gorudojewellery.com.sg\/zh-hans\/wp-json\/wp\/v2\/comments?post=1818"}],"wp:featuredmedia":[{"embeddable":true,"href":"https:\/\/gorudojewellery.com.sg\/zh-hans\/wp-json\/wp\/v2\/media\/1819"}],"wp:attachment":[{"href":"https:\/\/gorudojewellery.com.sg\/zh-hans\/wp-json\/wp\/v2\/media?parent=1818"}],"wp:term":[{"taxonomy":"product_brand","embeddable":true,"href":"https:\/\/gorudojewellery.com.sg\/zh-hans\/wp-json\/wp\/v2\/product_brand?post=1818"},{"taxonomy":"product_cat","embeddable":true,"href":"https:\/\/gorudojewellery.com.sg\/zh-hans\/wp-json\/wp\/v2\/product_cat?post=1818"},{"taxonomy":"product_tag","embeddable":true,"href":"https:\/\/gorudojewellery.com.sg\/zh-hans\/wp-json\/wp\/v2\/product_tag?post=1818"}],"curies":[{"name":"wp","href":"https:\/\/api.w.org\/{rel}","templated":true}]}}