{"id":1599,"date":"2019-09-02T04:43:54","date_gmt":"2019-09-02T04:43:54","guid":{"rendered":"https:\/\/gorudojewellery.com.sg\/?post_type=product&#038;p=1599"},"modified":"2019-09-02T04:43:55","modified_gmt":"2019-09-02T04:43:55","slug":"999-pure-gold-bodhisattvaguanshiyin-pendant","status":"publish","type":"product","link":"https:\/\/gorudojewellery.com.sg\/zh-hans\/product\/999-pure-gold-bodhisattvaguanshiyin-pendant\/","title":{"rendered":"999 Pure Gold Bodhisattva(Gu\u0101nsh\u00ecy\u012bn) Pendant"},"content":{"rendered":"<h2><span class=\"_5mfr\"><span class=\"_6qdm\">\ud83c\udf1f<\/span><\/span>999\u8db3\u91d1\u89c2\u4e16\u97f3\u83e9\u8428\u540a\u5760\u00a0<span class=\"_5mfr\"><span class=\"_6qdm\">\ud83c\udf1f<\/span><\/span><br \/>\n<span class=\"_5mfr\"><span class=\"_6qdm\">\ud83c\udf1f<\/span><\/span>999 PureGold Bodhisattva Pendant<span class=\"_5mfr\"><span class=\"_6qdm\">\ud83c\udf1f<\/span><\/span><br \/>\n<span class=\"_5mfr\"><span class=\"_6qdm\">\ud83c\udf38<\/span><\/span><span class=\"_5mfr\"><span class=\"_6qdm\">\ud83c\udf38<\/span><\/span><span class=\"_5mfr\"><span class=\"_6qdm\">\ud83c\udf38<\/span><\/span><span class=\"_5mfr\"><span class=\"_6qdm\">\ud83c\udf38<\/span><\/span>Gu\u0101nsh\u00ecy\u012bn<span class=\"_5mfr\"><span class=\"_6qdm\">\ud83c\udf38<\/span><\/span><span class=\"_5mfr\"><span class=\"_6qdm\">\ud83c\udf38<\/span><\/span><span class=\"_5mfr\"><span class=\"_6qdm\">\ud83c\udf38<\/span><\/span><span class=\"_5mfr\"><span class=\"_6qdm\">\ud83c\udf38<\/span><\/span><\/h2>\n<p><span class=\"_5mfr\"><span class=\"_6qdm\">\ud83c\udf1f<\/span><\/span>\u89c2\u4e16\u97f3\u83e9\u8428<span class=\"_5mfr\"><span class=\"_6qdm\">\ud83c\udf1f<\/span><\/span>Gu\u0101nsh\u00ecy\u012bn<span class=\"_5mfr\"><span class=\"_6qdm\">\ud83c\udf1f<\/span><\/span>Bodhisattva<\/p>\n<p>Dimension: 80mm X 35mm X 26mm<br \/>\nGold Weight: 20.61 grams<\/p>\n<p>Make enquiry right now for your own unique pieces.<\/p>\n<p><img loading=\"lazy\" decoding=\"async\" class=\"alignnone size-full wp-image-1600\" src=\"https:\/\/gorudojewellery.com.sg\/wp-content\/uploads\/2019\/09\/53560534_1137261433124906_8488552485978374144_o.jpg\" alt=\"\" width=\"2016\" height=\"1180\" srcset=\"https:\/\/gorudojewellery.com.sg\/wp-content\/uploads\/2019\/09\/53560534_1137261433124906_8488552485978374144_o.jpg 2016w, https:\/\/gorudojewellery.com.sg\/wp-content\/uploads\/2019\/09\/53560534_1137261433124906_8488552485978374144_o-300x176.jpg 300w, https:\/\/gorudojewellery.com.sg\/wp-content\/uploads\/2019\/09\/53560534_1137261433124906_8488552485978374144_o-768x450.jpg 768w, https:\/\/gorudojewellery.com.sg\/wp-content\/uploads\/2019\/09\/53560534_1137261433124906_8488552485978374144_o-1024x599.jpg 1024w, https:\/\/gorudojewellery.com.sg\/wp-content\/uploads\/2019\/09\/53560534_1137261433124906_8488552485978374144_o-510x299.jpg 510w\" sizes=\"auto, (max-width: 2016px) 100vw, 2016px\" \/><\/p>\n","protected":false},"excerpt":{"rendered":"<h2><span class=\"_5mfr\"><span class=\"_6qdm\">\ud83c\udf1f<\/span><\/span>999\u8db3\u91d1\u89c2\u4e16\u97f3\u83e9\u8428\u540a\u5760\u00a0<span class=\"_5mfr\"><span class=\"_6qdm\">\ud83c\udf1f<\/span><\/span><br \/>\n<span class=\"_5mfr\"><span class=\"_6qdm\">\ud83c\udf1f<\/span><\/span>999 PureGold Bodhisattva Pendant<span class=\"_5mfr\"><span class=\"_6qdm\">\ud83c\udf1f<\/span><\/span><br \/>\n<span class=\"_5mfr\"><span class=\"_6qdm\">\ud83c\udf38<\/span><\/span><span class=\"_5mfr\"><span class=\"_6qdm\">\ud83c\udf38<\/span><\/span><span class=\"_5mfr\"><span class=\"_6qdm\">\ud83c\udf38<\/span><\/span><span class=\"_5mfr\"><span class=\"_6qdm\">\ud83c\udf38<\/span><\/span>Gu\u0101nsh\u00ecy\u012bn<span class=\"_5mfr\"><span class=\"_6qdm\">\ud83c\udf38<\/span><\/span><span class=\"_5mfr\"><span class=\"_6qdm\">\ud83c\udf38<\/span><\/span><span class=\"_5mfr\"><span class=\"_6qdm\">\ud83c\udf38<\/span><\/span><span class=\"_5mfr\"><span class=\"_6qdm\">\ud83c\udf38<\/span><\/span><\/h2>\n<p><span class=\"_5mfr\"><span class=\"_6qdm\">\ud83c\udf1f<\/span><\/span>\u89c2\u4e16\u97f3\u83e9\u8428<span class=\"_5mfr\"><span class=\"_6qdm\">\ud83c\udf1f<\/span><\/span>Gu\u0101nsh\u00ecy\u012bn<span class=\"_5mfr\"><span class=\"_6qdm\">\ud83c\udf1f<\/span><\/span>Bodhisattva<\/p>\n<p>Dimension: 80mm X 35mm X 26mm<br \/>\nGold Weight: 20.61 grams<\/p>\n<p>Make enquiry right now for your own unique pieces.<\/p>\n","protected":false},"featured_media":1600,"comment_status":"open","ping_status":"closed","template":"","meta":{"om_disable_all_campaigns":false,"_joinchat":[]},"product_brand":[],"product_cat":[43],"product_tag":[],"class_list":{"0":"post-1599","1":"product","2":"type-product","3":"status-publish","4":"has-post-thumbnail","6":"product_cat-999-pure-gold-pendants","8":"first","9":"outofstock","10":"shipping-taxable","11":"product-type-simple"},"acf":[],"_links":{"self":[{"href":"https:\/\/gorudojewellery.com.sg\/zh-hans\/wp-json\/wp\/v2\/product\/1599","targetHints":{"allow":["GET"]}}],"collection":[{"href":"https:\/\/gorudojewellery.com.sg\/zh-hans\/wp-json\/wp\/v2\/product"}],"about":[{"href":"https:\/\/gorudojewellery.com.sg\/zh-hans\/wp-json\/wp\/v2\/types\/product"}],"replies":[{"embeddable":true,"href":"https:\/\/gorudojewellery.com.sg\/zh-hans\/wp-json\/wp\/v2\/comments?post=1599"}],"wp:featuredmedia":[{"embeddable":true,"href":"https:\/\/gorudojewellery.com.sg\/zh-hans\/wp-json\/wp\/v2\/media\/1600"}],"wp:attachment":[{"href":"https:\/\/gorudojewellery.com.sg\/zh-hans\/wp-json\/wp\/v2\/media?parent=1599"}],"wp:term":[{"taxonomy":"product_brand","embeddable":true,"href":"https:\/\/gorudojewellery.com.sg\/zh-hans\/wp-json\/wp\/v2\/product_brand?post=1599"},{"taxonomy":"product_cat","embeddable":true,"href":"https:\/\/gorudojewellery.com.sg\/zh-hans\/wp-json\/wp\/v2\/product_cat?post=1599"},{"taxonomy":"product_tag","embeddable":true,"href":"https:\/\/gorudojewellery.com.sg\/zh-hans\/wp-json\/wp\/v2\/product_tag?post=1599"}],"curies":[{"name":"wp","href":"https:\/\/api.w.org\/{rel}","templated":true}]}}